{"id":12,"date":"2019-09-24T17:14:48","date_gmt":"2019-09-24T17:14:48","guid":{"rendered":"http:\/\/rl-lichttechnik.de\/?page_id=12"},"modified":"2025-07-27T17:02:37","modified_gmt":"2025-07-27T17:02:37","slug":"impressum","status":"publish","type":"page","link":"https:\/\/rl-lichttechnik.de\/?page_id=12","title":{"rendered":"Impressum"},"content":{"rendered":"\r\n<p>Ralf L\u00fcchau &#8211; Lichttechnik<br \/>Bahnhofstra\u00dfe 2a<br \/>27419 Sittensen<br \/>Mobil: 0177 &#8211; 936 41 18<br \/>info@rl-lichttechnik.de<br \/>www.rl-lichttechnik.de<\/p>\r\n\r\n\r\n\r\n<p>Inhalt und Gestaltung: Ralf L\u00fcchau <br \/>Inhaltlich verantwortlich: gem\u00e4\u00df \u00a76 MDStV: Ralf L\u00fcchau<br \/>Fotos u. Abbildungen: \u00a9 Copyright Ralf L\u00fcchau (sofern nicht unter dem Foto ausdr\u00fccklich anders erw\u00e4hnt)<br \/><br \/>Copyright:<br \/>\u00a9 Copyright 2009-2025 Ralf L\u00fcchau<br \/>Alle Rechte vorbehalten. Kein Teil &#8211; weder Text noch Abbildungen &#8211; dieser Website darf in irgendeiner Form (Druck, Fotokopie oder andere Verfahren) reproduziert oder unter Verwendung elektronischer Systeme verarbeitet, vervielf\u00e4ltigt oder verbreitet werden. Werden Teile dieser Website ohne schriftliche Genehmigung der Rechteinhaber auf anderen Internetseiten wiedergegeben, so wird dies als stillschweigendes Einverst\u00e4ndnis des Leistungsnehmers zu einem Lizenzvertrag gewertet. In diesem Falle sind die Rechteinhaber berechtigt, in angemessenem Umfang Lizenzgeb\u00fchren in Rechnung zu stellen.<br \/>Datenschutzhinweis:<br \/>Soweit auf diesen Seiten personenbezogene Daten (beispielsweise Name, Anschrift oder eMail-Adressen) erhoben werden, erfolgt dies, soweit m\u00f6glich, stets auf freiwilliger Basis. Die Nutzung der Angebote und Dienste ist, soweit m\u00f6glich, stets ohne Angabe personenbezogener Daten m\u00f6glich. Ich weise darauf hin, dass die Daten\u00fcbertragung im Internet (z.B. bei der Kommunikation per E-Mail) Sicherheitsl\u00fccken aufweisen kann. Ein l\u00fcckenloser Schutz der Daten vor dem Zugriff durch Dritte ist nicht m\u00f6glich.<br \/>Der Nutzung von im Rahmen der Impressumspflicht ver\u00f6ffentlichten Kontaktdaten durch Dritte zur \u00dcbersendung von nicht ausdr\u00fccklich angeforderter Werbung und Informationsmaterialien wird hiermit ausdr\u00fccklich widersprochen. Der Betreiber der Seiten beh\u00e4lt sich ausdr\u00fccklich rechtliche Schritte im Falle der unverlangten Zusendung von Werbeinformationen, etwa durch Spam-Mails, vor.<br \/>Haftung f\u00fcr Links:<br \/>Diese Seite enth\u00e4lt Links zu externen Webseiten Dritter, auf deren Inhalte ich keinen Einfluss haben. Deshalb kann ich f\u00fcr diese fremden Inhalte auch keine Gew\u00e4hr \u00fcbernehmen. F\u00fcr die Inhalte der verlinkten Seiten ist stets der jeweilige Anbieter oder Betreiber der Seiten verantwortlich.<br \/>Die verlinkten Seiten wurden zum Zeitpunkt der Verlinkung auf m\u00f6gliche Rechtsverst\u00f6\u00dfe \u00fcberpr\u00fcft. Rechtswidrige Inhalte waren zum Zeitpunkt der Verlinkung nicht erkennbar. Eine permanente inhaltliche Kontrolle der verlinkten Seiten ist jedoch ohne konkrete Anhaltspunkte einer Rechtsverletzung nicht zumutbar. Bei bekannt werden von Rechtsverletzungen werde ich derartige Links umgehend entfernen.<\/p>\r\n","protected":false},"excerpt":{"rendered":"<p>Ralf L\u00fcchau &#8211; LichttechnikBahnhofstra\u00dfe 2a27419 SittensenMobil: 0177 &#8211; 936 41 18info@rl-lichttechnik.dewww.rl-lichttechnik.de Inhalt und Gestaltung: Ralf L\u00fcchau Inhaltlich verantwortlich: gem\u00e4\u00df \u00a76 MDStV: Ralf L\u00fcchauFotos u. Abbildungen: \u00a9 Copyright Ralf L\u00fcchau (sofern nicht unter dem Foto ausdr\u00fccklich [&hellip;]<\/p>\n","protected":false},"author":1,"featured_media":0,"parent":0,"menu_order":0,"comment_status":"closed","ping_status":"closed","template":"","meta":[],"_links":{"self":[{"href":"https:\/\/rl-lichttechnik.de\/index.php?rest_route=\/wp\/v2\/pages\/12"}],"collection":[{"href":"https:\/\/rl-lichttechnik.de\/index.php?rest_route=\/wp\/v2\/pages"}],"about":[{"href":"https:\/\/rl-lichttechnik.de\/index.php?rest_route=\/wp\/v2\/types\/page"}],"author":[{"embeddable":true,"href":"https:\/\/rl-lichttechnik.de\/index.php?rest_route=\/wp\/v2\/users\/1"}],"replies":[{"embeddable":true,"href":"https:\/\/rl-lichttechnik.de\/index.php?rest_route=%2Fwp%2Fv2%2Fcomments&post=12"}],"version-history":[{"count":4,"href":"https:\/\/rl-lichttechnik.de\/index.php?rest_route=\/wp\/v2\/pages\/12\/revisions"}],"predecessor-version":[{"id":363,"href":"https:\/\/rl-lichttechnik.de\/index.php?rest_route=\/wp\/v2\/pages\/12\/revisions\/363"}],"wp:attachment":[{"href":"https:\/\/rl-lichttechnik.de\/index.php?rest_route=%2Fwp%2Fv2%2Fmedia&parent=12"}],"curies":[{"name":"wp","href":"https:\/\/api.w.org\/{rel}","templated":true}]}}